{"id":1448,"date":"2022-08-25T13:27:00","date_gmt":"2022-08-25T13:27:00","guid":{"rendered":"http:\/\/pasvoveriuka.lt\/?page_id=1448"},"modified":"2026-02-10T09:01:48","modified_gmt":"2026-02-10T09:01:48","slug":"pas-voveriuka","status":"publish","type":"page","link":"https:\/\/pasvoveriuka.lt\/","title":{"rendered":"Pas voveriuk\u0105"},"content":{"rendered":"\t\t<div data-elementor-type=\"wp-page\" data-elementor-id=\"1448\" class=\"elementor elementor-1448\">\n\t\t\t\t\t\t\t\t\t<section class=\"elementor-section elementor-top-section elementor-element elementor-element-6e2f681 elementor-section-boxed elementor-section-height-default elementor-section-height-default\" data-id=\"6e2f681\" data-element_type=\"section\" data-settings=\"{&quot;background_background&quot;:&quot;classic&quot;}\">\n\t\t\t\t\t\t<div class=\"elementor-container elementor-column-gap-wide\">\n\t\t\t\t\t<div class=\"elementor-column elementor-col-50 elementor-top-column elementor-element elementor-element-e8c6ac4\" data-id=\"e8c6ac4\" data-element_type=\"column\">\n\t\t\t<div class=\"elementor-widget-wrap elementor-element-populated\">\n\t\t\t\t\t\t\t\t<div class=\"elementor-element elementor-element-b9d0bf1 elementor-widget elementor-widget-text-editor\" data-id=\"b9d0bf1\" data-element_type=\"widget\" data-widget_type=\"text-editor.default\">\n\t\t\t\t<div class=\"elementor-widget-container\">\n\t\t\t<style>\/*! elementor - v3.15.0 - 31-07-2023 *\/\n.elementor-widget-text-editor.elementor-drop-cap-view-stacked .elementor-drop-cap{background-color:#69727d;color:#fff}.elementor-widget-text-editor.elementor-drop-cap-view-framed .elementor-drop-cap{color:#69727d;border:3px solid;background-color:transparent}.elementor-widget-text-editor:not(.elementor-drop-cap-view-default) .elementor-drop-cap{margin-top:8px}.elementor-widget-text-editor:not(.elementor-drop-cap-view-default) .elementor-drop-cap-letter{width:1em;height:1em}.elementor-widget-text-editor .elementor-drop-cap{float:left;text-align:center;line-height:1;font-size:50px}.elementor-widget-text-editor .elementor-drop-cap-letter{display:inline-block}<\/style>\t\t\t\t<p>VAIK\u0172 KIRPYKLA<\/p>\n<p>Pas voveriuk\u0105!<\/p>\t\t\t\t\t\t<\/div>\n\t\t\t\t<\/div>\n\t\t\t\t<div class=\"elementor-element elementor-element-dd820dd elementor-widget elementor-widget-text-editor\" data-id=\"dd820dd\" data-element_type=\"widget\" data-widget_type=\"text-editor.default\">\n\t\t\t\t<div class=\"elementor-widget-container\">\n\t\t\t\t\t\t\t<p>Pas voveriuk\u0105 &#8211; kirpykla vaikams Vilniuje, daug met\u0173 d\u017eiuginanti m\u016bs\u0173 ma\u017euosius mylimuosius!<\/p>\t\t\t\t\t\t<\/div>\n\t\t\t\t<\/div>\n\t\t\t\t<div class=\"elementor-element elementor-element-b0b0f93 elementor-align-center elementor-widget elementor-widget-button\" data-id=\"b0b0f93\" data-element_type=\"widget\" data-widget_type=\"button.default\">\n\t\t\t\t<div class=\"elementor-widget-container\">\n\t\t\t\t\t<div class=\"elementor-button-wrapper\">\n\t\t\t<a class=\"elementor-button elementor-button-link elementor-size-sm\" href=\"https:\/\/book.treatwell.lt\/salonas\/430082\/meniu\/\" target=\"_blank\">\n\t\t\t\t\t\t<span class=\"elementor-button-content-wrapper\">\n\t\t\t\t\t\t<span class=\"elementor-button-text\">Registracija \u2702\ufe0f<\/span>\n\t\t<\/span>\n\t\t\t\t\t<\/a>\n\t\t<\/div>\n\t\t\t\t<\/div>\n\t\t\t\t<\/div>\n\t\t\t\t\t<\/div>\n\t\t<\/div>\n\t\t\t\t<div class=\"elementor-column elementor-col-50 elementor-top-column elementor-element elementor-element-2851bf7\" data-id=\"2851bf7\" data-element_type=\"column\">\n\t\t\t<div class=\"elementor-widget-wrap elementor-element-populated\">\n\t\t\t\t\t\t\t\t<div class=\"elementor-element elementor-element-e3897f4 elementor-widget__width-inherit elementor-absolute elementor-widget elementor-widget-image\" data-id=\"e3897f4\" data-element_type=\"widget\" data-settings=\"{&quot;_position&quot;:&quot;absolute&quot;}\" data-widget_type=\"image.default\">\n\t\t\t\t<div class=\"elementor-widget-container\">\n\t\t\t<style>\/*! elementor - v3.15.0 - 31-07-2023 *\/\n.elementor-widget-image{text-align:center}.elementor-widget-image a{display:inline-block}.elementor-widget-image a img[src$=\".svg\"]{width:48px}.elementor-widget-image img{vertical-align:middle;display:inline-block}<\/style>\t\t\t\t\t\t\t\t\t\t\t\t<img loading=\"lazy\" decoding=\"async\" width=\"1000\" height=\"656\" src=\"https:\/\/pasvoveriuka.lt\/wp-content\/uploads\/2023\/07\/photo-1533661338746-e4e47d30dfd8.jpeg\" class=\"attachment-full size-full wp-image-1931\" alt=\"\" srcset=\"https:\/\/pasvoveriuka.lt\/wp-content\/uploads\/2023\/07\/photo-1533661338746-e4e47d30dfd8.jpeg 1000w, https:\/\/pasvoveriuka.lt\/wp-content\/uploads\/2023\/07\/photo-1533661338746-e4e47d30dfd8-300x197.jpeg 300w, https:\/\/pasvoveriuka.lt\/wp-content\/uploads\/2023\/07\/photo-1533661338746-e4e47d30dfd8-768x504.jpeg 768w\" sizes=\"auto, (max-width: 1000px) 100vw, 1000px\" \/>\t\t\t\t\t\t\t\t\t\t\t\t\t\t\t<\/div>\n\t\t\t\t<\/div>\n\t\t\t\t\t<\/div>\n\t\t<\/div>\n\t\t\t\t\t\t\t<\/div>\n\t\t<\/section>\n\t\t\t\t<section class=\"elementor-section elementor-top-section elementor-element elementor-element-7aaea0f elementor-section-boxed elementor-section-height-default elementor-section-height-default\" data-id=\"7aaea0f\" data-element_type=\"section\">\n\t\t\t\t\t\t<div class=\"elementor-container elementor-column-gap-default\">\n\t\t\t\t\t<div class=\"elementor-column elementor-col-100 elementor-top-column elementor-element elementor-element-3dba6f4\" data-id=\"3dba6f4\" data-element_type=\"column\">\n\t\t\t<div class=\"elementor-widget-wrap elementor-element-populated\">\n\t\t\t\t\t\t\t\t<div class=\"elementor-element elementor-element-edb43ab elementor-widget elementor-widget-text-editor\" data-id=\"edb43ab\" data-element_type=\"widget\" data-widget_type=\"text-editor.default\">\n\t\t\t\t<div class=\"elementor-widget-container\">\n\t\t\t\t\t\t\t<p>Atsiskaitymas po paslaugos grynaisiais pinigais! \ud83d\udc3f\ufe0f<\/p>\t\t\t\t\t\t<\/div>\n\t\t\t\t<\/div>\n\t\t\t\t\t<\/div>\n\t\t<\/div>\n\t\t\t\t\t\t\t<\/div>\n\t\t<\/section>\n\t\t\t\t<section class=\"elementor-section elementor-top-section elementor-element elementor-element-aff6ae1 elementor-section-boxed elementor-section-height-default elementor-section-height-default\" data-id=\"aff6ae1\" data-element_type=\"section\" data-settings=\"{&quot;background_background&quot;:&quot;classic&quot;}\">\n\t\t\t\t\t\t<div class=\"elementor-container elementor-column-gap-wide\">\n\t\t\t\t\t<div class=\"elementor-column elementor-col-50 elementor-top-column elementor-element elementor-element-f8352c5\" data-id=\"f8352c5\" data-element_type=\"column\">\n\t\t\t<div class=\"elementor-widget-wrap elementor-element-populated\">\n\t\t\t\t\t\t\t\t<div class=\"elementor-element elementor-element-00d516a elementor-invisible elementor-widget elementor-widget-image\" data-id=\"00d516a\" data-element_type=\"widget\" data-settings=\"{&quot;_animation&quot;:&quot;fadeInLeft&quot;}\" data-widget_type=\"image.default\">\n\t\t\t\t<div class=\"elementor-widget-container\">\n\t\t\t\t\t\t\t\t\t\t\t\t\t\t\t<img loading=\"lazy\" decoding=\"async\" width=\"2560\" height=\"1920\" src=\"https:\/\/pasvoveriuka.lt\/wp-content\/uploads\/2023\/08\/DSC_0020.jpg\" class=\"attachment-full size-full wp-image-1962\" alt=\"\" srcset=\"https:\/\/pasvoveriuka.lt\/wp-content\/uploads\/2023\/08\/DSC_0020.jpg 2560w, https:\/\/pasvoveriuka.lt\/wp-content\/uploads\/2023\/08\/DSC_0020-300x225.jpg 300w, https:\/\/pasvoveriuka.lt\/wp-content\/uploads\/2023\/08\/DSC_0020-1024x768.jpg 1024w, https:\/\/pasvoveriuka.lt\/wp-content\/uploads\/2023\/08\/DSC_0020-768x576.jpg 768w, https:\/\/pasvoveriuka.lt\/wp-content\/uploads\/2023\/08\/DSC_0020-1536x1152.jpg 1536w, https:\/\/pasvoveriuka.lt\/wp-content\/uploads\/2023\/08\/DSC_0020-2048x1536.jpg 2048w\" sizes=\"auto, (max-width: 2560px) 100vw, 2560px\" \/>\t\t\t\t\t\t\t\t\t\t\t\t\t\t\t<\/div>\n\t\t\t\t<\/div>\n\t\t\t\t\t<\/div>\n\t\t<\/div>\n\t\t\t\t<div class=\"elementor-column elementor-col-50 elementor-top-column elementor-element elementor-element-a4b2aab\" data-id=\"a4b2aab\" data-element_type=\"column\">\n\t\t\t<div class=\"elementor-widget-wrap elementor-element-populated\">\n\t\t\t\t\t\t\t\t<div class=\"elementor-element elementor-element-83d3bf2 elementor-invisible elementor-widget elementor-widget-image\" data-id=\"83d3bf2\" data-element_type=\"widget\" data-settings=\"{&quot;_animation&quot;:&quot;fadeInRight&quot;}\" data-widget_type=\"image.default\">\n\t\t\t\t<div class=\"elementor-widget-container\">\n\t\t\t\t\t\t\t\t\t\t\t\t\t\t\t<img loading=\"lazy\" decoding=\"async\" width=\"2560\" height=\"1707\" src=\"https:\/\/pasvoveriuka.lt\/wp-content\/uploads\/2023\/11\/IMG_5646-copy-1-scaled.jpg\" class=\"attachment-full size-full wp-image-2040\" alt=\"\" srcset=\"https:\/\/pasvoveriuka.lt\/wp-content\/uploads\/2023\/11\/IMG_5646-copy-1-scaled.jpg 2560w, https:\/\/pasvoveriuka.lt\/wp-content\/uploads\/2023\/11\/IMG_5646-copy-1-300x200.jpg 300w, https:\/\/pasvoveriuka.lt\/wp-content\/uploads\/2023\/11\/IMG_5646-copy-1-1024x683.jpg 1024w, https:\/\/pasvoveriuka.lt\/wp-content\/uploads\/2023\/11\/IMG_5646-copy-1-768x512.jpg 768w, https:\/\/pasvoveriuka.lt\/wp-content\/uploads\/2023\/11\/IMG_5646-copy-1-1536x1024.jpg 1536w, https:\/\/pasvoveriuka.lt\/wp-content\/uploads\/2023\/11\/IMG_5646-copy-1-2048x1365.jpg 2048w\" sizes=\"auto, (max-width: 2560px) 100vw, 2560px\" \/>\t\t\t\t\t\t\t\t\t\t\t\t\t\t\t<\/div>\n\t\t\t\t<\/div>\n\t\t\t\t\t<\/div>\n\t\t<\/div>\n\t\t\t\t\t\t\t<\/div>\n\t\t<\/section>\n\t\t\t\t<section class=\"elementor-section elementor-top-section elementor-element elementor-element-ae5a88c elementor-section-boxed elementor-section-height-default elementor-section-height-default\" data-id=\"ae5a88c\" data-element_type=\"section\" data-settings=\"{&quot;background_background&quot;:&quot;classic&quot;}\">\n\t\t\t\t\t\t<div class=\"elementor-container elementor-column-gap-wide\">\n\t\t\t\t\t<div class=\"elementor-column elementor-col-50 elementor-top-column elementor-element elementor-element-557639e\" data-id=\"557639e\" data-element_type=\"column\">\n\t\t\t<div class=\"elementor-widget-wrap elementor-element-populated\">\n\t\t\t\t\t\t\t\t<div class=\"elementor-element elementor-element-b141d07 elementor-widget__width-inherit elementor-absolute elementor-widget elementor-widget-image\" data-id=\"b141d07\" data-element_type=\"widget\" data-settings=\"{&quot;_position&quot;:&quot;absolute&quot;}\" data-widget_type=\"image.default\">\n\t\t\t\t<div class=\"elementor-widget-container\">\n\t\t\t\t\t\t\t\t\t\t\t\t\t\t\t<img loading=\"lazy\" decoding=\"async\" width=\"1024\" height=\"683\" src=\"https:\/\/pasvoveriuka.lt\/wp-content\/uploads\/2023\/07\/pexels-cottonbro-studio-3661387-1024x683.jpg\" class=\"attachment-large size-large wp-image-1853\" alt=\"\" srcset=\"https:\/\/pasvoveriuka.lt\/wp-content\/uploads\/2023\/07\/pexels-cottonbro-studio-3661387-1024x683.jpg 1024w, https:\/\/pasvoveriuka.lt\/wp-content\/uploads\/2023\/07\/pexels-cottonbro-studio-3661387-300x200.jpg 300w, https:\/\/pasvoveriuka.lt\/wp-content\/uploads\/2023\/07\/pexels-cottonbro-studio-3661387-768x512.jpg 768w, https:\/\/pasvoveriuka.lt\/wp-content\/uploads\/2023\/07\/pexels-cottonbro-studio-3661387-1536x1024.jpg 1536w, https:\/\/pasvoveriuka.lt\/wp-content\/uploads\/2023\/07\/pexels-cottonbro-studio-3661387-2048x1365.jpg 2048w\" sizes=\"auto, (max-width: 1024px) 100vw, 1024px\" \/>\t\t\t\t\t\t\t\t\t\t\t\t\t\t\t<\/div>\n\t\t\t\t<\/div>\n\t\t\t\t\t<\/div>\n\t\t<\/div>\n\t\t\t\t<div class=\"elementor-column elementor-col-50 elementor-top-column elementor-element elementor-element-f728062\" data-id=\"f728062\" data-element_type=\"column\">\n\t\t\t<div class=\"elementor-widget-wrap elementor-element-populated\">\n\t\t\t\t\t\t\t\t<div class=\"elementor-element elementor-element-de709c6 elementor-widget elementor-widget-text-editor\" data-id=\"de709c6\" data-element_type=\"widget\" data-widget_type=\"text-editor.default\">\n\t\t\t\t<div class=\"elementor-widget-container\">\n\t\t\t\t\t\t\t<p>Vaikai, tie ma\u017ei, nuostab\u016bs \u017emogu\u010diai, auga taip greitai. Vis skuba \u012f sud\u0117ting\u0105, lekiant\u012f suagusi\u0173j\u0173 pasaul\u012f. Tod\u0117l norisi, kad vaikyst\u0117 b\u016bt\u0173 kupina ner\u016bpestingumo, d\u017eiaugsmo, meil\u0117s, atradim\u0173 ir atsipalaidavimo.<\/p><p>Teb\u016bnie kirpimas PAS VOVERIUK\u0104 dar viena smagi vaikyst\u0117s pasaka ir \u017eaidimas!<\/p>\t\t\t\t\t\t<\/div>\n\t\t\t\t<\/div>\n\t\t\t\t\t<\/div>\n\t\t<\/div>\n\t\t\t\t\t\t\t<\/div>\n\t\t<\/section>\n\t\t\t\t<section class=\"elementor-section elementor-top-section elementor-element elementor-element-741c9be elementor-section-boxed elementor-section-height-default elementor-section-height-default\" data-id=\"741c9be\" data-element_type=\"section\">\n\t\t\t\t\t\t<div class=\"elementor-container elementor-column-gap-default\">\n\t\t\t\t\t<div class=\"elementor-column elementor-col-100 elementor-top-column elementor-element elementor-element-46be0f9\" data-id=\"46be0f9\" data-element_type=\"column\">\n\t\t\t<div class=\"elementor-widget-wrap elementor-element-populated\">\n\t\t\t\t\t\t\t\t<div class=\"elementor-element elementor-element-7f50a4d elementor-invisible elementor-widget elementor-widget-image\" data-id=\"7f50a4d\" data-element_type=\"widget\" data-settings=\"{&quot;_animation&quot;:&quot;swing&quot;}\" data-widget_type=\"image.default\">\n\t\t\t\t<div class=\"elementor-widget-container\">\n\t\t\t\t\t\t\t\t\t\t\t\t\t\t\t<img loading=\"lazy\" decoding=\"async\" width=\"242\" height=\"300\" src=\"https:\/\/pasvoveriuka.lt\/wp-content\/uploads\/2023\/07\/Pas-voveriuka-kankorezis-242x300.png\" class=\"attachment-medium size-medium wp-image-1868\" alt=\"\" srcset=\"https:\/\/pasvoveriuka.lt\/wp-content\/uploads\/2023\/07\/Pas-voveriuka-kankorezis-242x300.png 242w, https:\/\/pasvoveriuka.lt\/wp-content\/uploads\/2023\/07\/Pas-voveriuka-kankorezis.png 331w\" sizes=\"auto, (max-width: 242px) 100vw, 242px\" \/>\t\t\t\t\t\t\t\t\t\t\t\t\t\t\t<\/div>\n\t\t\t\t<\/div>\n\t\t\t\t\t<\/div>\n\t\t<\/div>\n\t\t\t\t\t\t\t<\/div>\n\t\t<\/section>\n\t\t\t\t\t\t\t<\/div>\n\t\t","protected":false},"excerpt":{"rendered":"<p>VAIK\u0172 KIRPYKLA Pas voveriuk\u0105! Pas voveriuk\u0105 &#8211; kirpykla vaikams Vilniuje, daug met\u0173 d\u017eiuginanti m\u016bs\u0173 ma\u017euosius mylimuosius! Registracija \u2702\ufe0f Atsiskaitymas po paslaugos grynaisiais pinigais! \ud83d\udc3f\ufe0f Vaikai, tie ma\u017ei, nuostab\u016bs \u017emogu\u010diai, auga taip greitai. Vis skuba \u012f sud\u0117ting\u0105, lekiant\u012f suagusi\u0173j\u0173 pasaul\u012f. Tod\u0117l norisi, kad vaikyst\u0117 b\u016bt\u0173 kupina ner\u016bpestingumo, d\u017eiaugsmo, meil\u0117s, atradim\u0173 ir atsipalaidavimo. Teb\u016bnie kirpimas PAS VOVERIUK\u0104 &hellip;<\/p>\n<p class=\"read-more\"> <a class=\"\" href=\"https:\/\/pasvoveriuka.lt\/\"> <span class=\"screen-reader-text\">Pas voveriuk\u0105<\/span> Read More &raquo;<\/a><\/p>\n","protected":false},"author":1,"featured_media":0,"parent":0,"menu_order":0,"comment_status":"closed","ping_status":"closed","template":"","meta":{"om_disable_all_campaigns":false,"_monsterinsights_skip_tracking":false,"_monsterinsights_sitenote_active":false,"_monsterinsights_sitenote_note":"","_monsterinsights_sitenote_category":0,"_uf_show_specific_survey":0,"_uf_disable_surveys":false,"site-sidebar-layout":"no-sidebar","site-content-layout":"page-builder","ast-global-header-display":"","ast-banner-title-visibility":"","ast-main-header-display":"","ast-hfb-above-header-display":"","ast-hfb-below-header-display":"","ast-hfb-mobile-header-display":"","site-post-title":"disabled","ast-breadcrumbs-content":"","ast-featured-img":"disabled","footer-sml-layout":"","theme-transparent-header-meta":"enabled","adv-header-id-meta":"","stick-header-meta":"","header-above-stick-meta":"","header-main-stick-meta":"","header-below-stick-meta":"","footnotes":""},"class_list":["post-1448","page","type-page","status-publish","hentry"],"_links":{"self":[{"href":"https:\/\/pasvoveriuka.lt\/index.php?rest_route=\/wp\/v2\/pages\/1448","targetHints":{"allow":["GET"]}}],"collection":[{"href":"https:\/\/pasvoveriuka.lt\/index.php?rest_route=\/wp\/v2\/pages"}],"about":[{"href":"https:\/\/pasvoveriuka.lt\/index.php?rest_route=\/wp\/v2\/types\/page"}],"author":[{"embeddable":true,"href":"https:\/\/pasvoveriuka.lt\/index.php?rest_route=\/wp\/v2\/users\/1"}],"replies":[{"embeddable":true,"href":"https:\/\/pasvoveriuka.lt\/index.php?rest_route=%2Fwp%2Fv2%2Fcomments&post=1448"}],"version-history":[{"count":137,"href":"https:\/\/pasvoveriuka.lt\/index.php?rest_route=\/wp\/v2\/pages\/1448\/revisions"}],"predecessor-version":[{"id":2141,"href":"https:\/\/pasvoveriuka.lt\/index.php?rest_route=\/wp\/v2\/pages\/1448\/revisions\/2141"}],"wp:attachment":[{"href":"https:\/\/pasvoveriuka.lt\/index.php?rest_route=%2Fwp%2Fv2%2Fmedia&parent=1448"}],"curies":[{"name":"wp","href":"https:\/\/api.w.org\/{rel}","templated":true}]}}