{"id":1711,"date":"2021-11-21T15:14:41","date_gmt":"2021-11-21T15:14:41","guid":{"rendered":"http:\/\/pasvoveriuka.lt\/?page_id=1711"},"modified":"2024-02-13T13:01:05","modified_gmt":"2024-02-13T13:01:05","slug":"patarimai","status":"publish","type":"page","link":"https:\/\/pasvoveriuka.lt\/?page_id=1711","title":{"rendered":"Patarimai"},"content":{"rendered":"\t\t<div data-elementor-type=\"wp-page\" data-elementor-id=\"1711\" class=\"elementor elementor-1711\">\n\t\t\t\t\t\t\t\t\t<section class=\"elementor-section elementor-top-section elementor-element elementor-element-6f57d69 elementor-section-height-min-height elementor-section-boxed elementor-section-height-default elementor-section-items-middle\" data-id=\"6f57d69\" data-element_type=\"section\" data-settings=\"{&quot;background_background&quot;:&quot;classic&quot;}\">\n\t\t\t\t\t\t<div class=\"elementor-container elementor-column-gap-default\">\n\t\t\t\t\t<div class=\"elementor-column elementor-col-100 elementor-top-column elementor-element elementor-element-47228c7\" data-id=\"47228c7\" data-element_type=\"column\">\n\t\t\t<div class=\"elementor-widget-wrap elementor-element-populated\">\n\t\t\t\t\t\t\t\t<div class=\"elementor-element elementor-element-745baeb elementor-widget elementor-widget-heading\" data-id=\"745baeb\" data-element_type=\"widget\" data-widget_type=\"heading.default\">\n\t\t\t\t<div class=\"elementor-widget-container\">\n\t\t\t<style>\/*! elementor - v3.15.0 - 31-07-2023 *\/\n.elementor-heading-title{padding:0;margin:0;line-height:1}.elementor-widget-heading .elementor-heading-title[class*=elementor-size-]>a{color:inherit;font-size:inherit;line-height:inherit}.elementor-widget-heading .elementor-heading-title.elementor-size-small{font-size:15px}.elementor-widget-heading .elementor-heading-title.elementor-size-medium{font-size:19px}.elementor-widget-heading .elementor-heading-title.elementor-size-large{font-size:29px}.elementor-widget-heading .elementor-heading-title.elementor-size-xl{font-size:39px}.elementor-widget-heading .elementor-heading-title.elementor-size-xxl{font-size:59px}<\/style><h1 class=\"elementor-heading-title elementor-size-small\">Kirpimas su \u0161ypsena \ud83d\udc76\ud83c\udffb<\/h1>\t\t<\/div>\n\t\t\t\t<\/div>\n\t\t\t\t\t<\/div>\n\t\t<\/div>\n\t\t\t\t\t\t\t<\/div>\n\t\t<\/section>\n\t\t\t\t<section class=\"elementor-section elementor-top-section elementor-element elementor-element-313a1ba elementor-reverse-mobile elementor-section-boxed elementor-section-height-default elementor-section-height-default\" data-id=\"313a1ba\" data-element_type=\"section\" data-settings=\"{&quot;background_background&quot;:&quot;classic&quot;}\">\n\t\t\t\t\t\t<div class=\"elementor-container elementor-column-gap-default\">\n\t\t\t\t\t<div class=\"elementor-column elementor-col-50 elementor-top-column elementor-element elementor-element-ddff12f\" data-id=\"ddff12f\" data-element_type=\"column\">\n\t\t\t<div class=\"elementor-widget-wrap elementor-element-populated\">\n\t\t\t\t\t\t\t\t<div class=\"elementor-element elementor-element-bbd6665 elementor-widget elementor-widget-text-editor\" data-id=\"bbd6665\" data-element_type=\"widget\" data-widget_type=\"text-editor.default\">\n\t\t\t\t<div class=\"elementor-widget-container\">\n\t\t\t<style>\/*! elementor - v3.15.0 - 31-07-2023 *\/\n.elementor-widget-text-editor.elementor-drop-cap-view-stacked .elementor-drop-cap{background-color:#69727d;color:#fff}.elementor-widget-text-editor.elementor-drop-cap-view-framed .elementor-drop-cap{color:#69727d;border:3px solid;background-color:transparent}.elementor-widget-text-editor:not(.elementor-drop-cap-view-default) .elementor-drop-cap{margin-top:8px}.elementor-widget-text-editor:not(.elementor-drop-cap-view-default) .elementor-drop-cap-letter{width:1em;height:1em}.elementor-widget-text-editor .elementor-drop-cap{float:left;text-align:center;line-height:1;font-size:50px}.elementor-widget-text-editor .elementor-drop-cap-letter{display:inline-block}<\/style>\t\t\t\t<p class=\"font_7 wixui-rich-text__text\">Mes, kaip ir J\u016bs, labai mylime vaikus ir nuo\u0161ird\u017eiai d\u017eiaugiam\u0117s kiekviena j\u0173 \u0161ypsena.<\/p><p class=\"font_7 wixui-rich-text__text\">Tegu m\u016bs\u0173 ma\u017eieji draugai b\u016bna laimingi nuo pir\u0161t\u0173 iki plauk\u0173 galiuk\u0173!<\/p>\t\t\t\t\t\t<\/div>\n\t\t\t\t<\/div>\n\t\t\t\t\t<\/div>\n\t\t<\/div>\n\t\t\t\t<div class=\"elementor-column elementor-col-50 elementor-top-column elementor-element elementor-element-ef420e9\" data-id=\"ef420e9\" data-element_type=\"column\" data-settings=\"{&quot;background_background&quot;:&quot;classic&quot;}\">\n\t\t\t<div class=\"elementor-widget-wrap elementor-element-populated\">\n\t\t\t\t\t\t\t\t<div class=\"elementor-element elementor-element-4a6a352 elementor-widget elementor-widget-image\" data-id=\"4a6a352\" data-element_type=\"widget\" data-widget_type=\"image.default\">\n\t\t\t\t<div class=\"elementor-widget-container\">\n\t\t\t<style>\/*! elementor - v3.15.0 - 31-07-2023 *\/\n.elementor-widget-image{text-align:center}.elementor-widget-image a{display:inline-block}.elementor-widget-image a img[src$=\".svg\"]{width:48px}.elementor-widget-image img{vertical-align:middle;display:inline-block}<\/style>\t\t\t\t\t\t\t\t\t\t\t\t<img decoding=\"async\" src=\"http:\/\/pasvoveriuka.lt\/wp-content\/uploads\/2022\/10\/Web-Design.jpg\" title=\"\" alt=\"\" loading=\"lazy\" \/>\t\t\t\t\t\t\t\t\t\t\t\t\t\t\t<\/div>\n\t\t\t\t<\/div>\n\t\t\t\t\t<\/div>\n\t\t<\/div>\n\t\t\t\t\t\t\t<\/div>\n\t\t<\/section>\n\t\t\t\t<section class=\"elementor-section elementor-top-section elementor-element elementor-element-8157e71 elementor-section-boxed elementor-section-height-default elementor-section-height-default\" data-id=\"8157e71\" data-element_type=\"section\">\n\t\t\t\t\t\t<div class=\"elementor-container elementor-column-gap-default\">\n\t\t\t\t\t<div class=\"elementor-column elementor-col-100 elementor-top-column elementor-element elementor-element-cc5adf3\" data-id=\"cc5adf3\" data-element_type=\"column\">\n\t\t\t<div class=\"elementor-widget-wrap elementor-element-populated\">\n\t\t\t\t\t\t\t\t<div class=\"elementor-element elementor-element-925831b elementor-widget elementor-widget-heading\" data-id=\"925831b\" data-element_type=\"widget\" data-widget_type=\"heading.default\">\n\t\t\t\t<div class=\"elementor-widget-container\">\n\t\t\t<h3 class=\"elementor-heading-title elementor-size-default\">Pasistenkime bendromis j\u0117gomis nedr\u0105siuosius paskatinti jaustis kuo geriau \ud83c\udf1e<\/h3>\t\t<\/div>\n\t\t\t\t<\/div>\n\t\t\t\t<div class=\"elementor-element elementor-element-77be2a5 elementor-widget elementor-widget-text-editor\" data-id=\"77be2a5\" data-element_type=\"widget\" data-widget_type=\"text-editor.default\">\n\t\t\t\t<div class=\"elementor-widget-container\">\n\t\t\t\t\t\t\t<ul>\n<li class=\"font_7 wixui-rich-text__text\">Ateikite prie\u0161 kirpim\u0105 anks\u010diau tiesiog pab\u016bti, apsidairyti, pa\u017eaisti &#8211;&nbsp;leiskime apsiprasti ir priprasti. Nedr\u0105siausius kvie\u010diame pirmaj\u012f kart\u0105 net ne kirptis, o tiesiog susipa\u017einti ir&nbsp;pamatyti.&nbsp;<\/li><li class=\"font_7 wixui-rich-text__text\">Jei planuojate atvykti anks\u010diau ir apsidairyti. &#8211; rekomenduojame paskambinti ir \u012fsp\u0117ti kirpykl\u0117l\u0117je dirban\u010di\u0105 komand\u0105 &#8211; pasitaiko, kad galite nieko nerasti, kas b\u016bt\u0173 nesmagu!<\/li><\/ul><ul>\n<li class=\"font_7 wixui-rich-text__text\">Geriausia priimti naujoves, kai esi pails\u0117j\u0119s, sotus ir never\u010diamas. Rinkit\u0117s b\u016btent tok\u012f&nbsp;J\u016bs\u0173 vaikui palankiausi\u0105 laik\u0105 ir tiek, kiek ma\u017eajam&nbsp;to i\u0161&nbsp;ties\u0173&nbsp;reikia&nbsp;&#8211; tai taip individualu.<\/li>\n<li class=\"font_7 wixui-rich-text__text\"><span style=\"font-size: 16px;\">Prie\u0161 atvykstant \u0161nektelkite su ma\u017euoju \u017emogu\u010diu, k\u0105 veiksite, papasakokite apie savo patirt\u012f kerpantis.<\/span><\/li>\n<li class=\"font_7 wixui-rich-text__text\"><span style=\"font-size: 16px;\">Pasiimkite&nbsp;atsargin\u012f&nbsp;r\u016bbel\u012f, jei vaikas nenor\u0117t\u0173, ar jau \u017einote, kad nenor\u0117s&nbsp;d\u0117tis joki\u0173 &#8220;apsaug\u0173&#8221; nuo kerpam\u0173 plauk\u0173 &#8211; plauku\u010diai&nbsp;labai kib\u016bs ir vaikui&nbsp;bus smagiau namo va\u017eiuoti be &#8220;e\u017eiuko&#8221;. Net gudriausi plauk\u0173 bei p\u016bk\u0173 valymo \u012frankiai vis\u0173 plaukeli\u0173 nenuima, tad jautresn\u0117s odel\u0117s vaikui taip b\u016bt\u0173 smagiau.<\/span><\/li>\n<li class=\"font_7 wixui-rich-text__text\"><span style=\"font-size: 16px;\">Nekirpkime&nbsp;vaiko, jei tai j\u012f&nbsp;akivaizd\u017eiai traumuoja, nepaisant vis\u0173 dr\u0105sinimo&nbsp;pastang\u0173 &#8211; sukurkime kartu plan\u0105, kaip pad\u0117sime&nbsp;\u012fveikti jo nerim\u0105 palaipsniui &#8211;&nbsp;mielai prie to prisid\u0117sime, kuo gal\u0117sime.<\/span><\/li>\n<\/ul>\t\t\t\t\t\t<\/div>\n\t\t\t\t<\/div>\n\t\t\t\t\t<\/div>\n\t\t<\/div>\n\t\t\t\t\t\t\t<\/div>\n\t\t<\/section>\n\t\t\t\t\t\t\t<\/div>\n\t\t","protected":false},"excerpt":{"rendered":"<p>Kirpimas su \u0161ypsena \ud83d\udc76\ud83c\udffb Mes, kaip ir J\u016bs, labai mylime vaikus ir nuo\u0161ird\u017eiai d\u017eiaugiam\u0117s kiekviena j\u0173 \u0161ypsena. Tegu m\u016bs\u0173 ma\u017eieji draugai b\u016bna laimingi nuo pir\u0161t\u0173 iki plauk\u0173 galiuk\u0173! Pasistenkime bendromis j\u0117gomis nedr\u0105siuosius paskatinti jaustis kuo geriau \ud83c\udf1e Ateikite prie\u0161 kirpim\u0105 anks\u010diau tiesiog pab\u016bti, apsidairyti, pa\u017eaisti &#8211;&nbsp;leiskime apsiprasti ir priprasti. Nedr\u0105siausius kvie\u010diame pirmaj\u012f kart\u0105 net ne &hellip;<\/p>\n<p class=\"read-more\"> <a class=\"\" href=\"https:\/\/pasvoveriuka.lt\/?page_id=1711\"> <span class=\"screen-reader-text\">Patarimai<\/span> Read More &raquo;<\/a><\/p>\n","protected":false},"author":1,"featured_media":0,"parent":0,"menu_order":0,"comment_status":"closed","ping_status":"closed","template":"","meta":{"om_disable_all_campaigns":false,"_monsterinsights_skip_tracking":false,"_monsterinsights_sitenote_active":false,"_monsterinsights_sitenote_note":"","_monsterinsights_sitenote_category":0,"_uf_show_specific_survey":0,"_uf_disable_surveys":false,"site-sidebar-layout":"no-sidebar","site-content-layout":"page-builder","ast-global-header-display":"","ast-banner-title-visibility":"","ast-main-header-display":"","ast-hfb-above-header-display":"","ast-hfb-below-header-display":"","ast-hfb-mobile-header-display":"","site-post-title":"disabled","ast-breadcrumbs-content":"","ast-featured-img":"disabled","footer-sml-layout":"","theme-transparent-header-meta":"enabled","adv-header-id-meta":"","stick-header-meta":"","header-above-stick-meta":"","header-main-stick-meta":"","header-below-stick-meta":"","footnotes":""},"class_list":["post-1711","page","type-page","status-publish","hentry"],"_links":{"self":[{"href":"https:\/\/pasvoveriuka.lt\/index.php?rest_route=\/wp\/v2\/pages\/1711","targetHints":{"allow":["GET"]}}],"collection":[{"href":"https:\/\/pasvoveriuka.lt\/index.php?rest_route=\/wp\/v2\/pages"}],"about":[{"href":"https:\/\/pasvoveriuka.lt\/index.php?rest_route=\/wp\/v2\/types\/page"}],"author":[{"embeddable":true,"href":"https:\/\/pasvoveriuka.lt\/index.php?rest_route=\/wp\/v2\/users\/1"}],"replies":[{"embeddable":true,"href":"https:\/\/pasvoveriuka.lt\/index.php?rest_route=%2Fwp%2Fv2%2Fcomments&post=1711"}],"version-history":[{"count":26,"href":"https:\/\/pasvoveriuka.lt\/index.php?rest_route=\/wp\/v2\/pages\/1711\/revisions"}],"predecessor-version":[{"id":2123,"href":"https:\/\/pasvoveriuka.lt\/index.php?rest_route=\/wp\/v2\/pages\/1711\/revisions\/2123"}],"wp:attachment":[{"href":"https:\/\/pasvoveriuka.lt\/index.php?rest_route=%2Fwp%2Fv2%2Fmedia&parent=1711"}],"curies":[{"name":"wp","href":"https:\/\/api.w.org\/{rel}","templated":true}]}}